{"id":29,"date":"2026-02-10T15:28:53","date_gmt":"2026-02-10T07:28:53","guid":{"rendered":"https:\/\/aisha-pet.com\/?page_id=29"},"modified":"2026-03-18T17:04:15","modified_gmt":"2026-03-18T09:04:15","slug":"cat-litter","status":"publish","type":"page","link":"https:\/\/aisha-pet.com\/es\/cat-litter\/","title":{"rendered":"Productos"},"content":{"rendered":"<div data-elementor-type=\"wp-page\" data-elementor-id=\"29\" class=\"elementor elementor-29\" data-elementor-post-type=\"page\">\n\t\t\t\t<div class=\"elementor-element elementor-element-1f86430 e-flex e-con-boxed e-con e-parent\" data-id=\"1f86430\" data-element_type=\"container\" data-e-type=\"container\" data-settings=\"{&quot;background_background&quot;:&quot;classic&quot;}\">\n\t\t\t\t\t<div class=\"e-con-inner\">\n\t\t\t\t<div class=\"elementor-element elementor-element-35702c2 elementor-widget elementor-widget-heading\" data-id=\"35702c2\" data-element_type=\"widget\" data-e-type=\"widget\" data-widget_type=\"heading.default\">\n\t\t\t\t\t<h1 class=\"elementor-heading-title elementor-size-default\">Productos<\/h1>\t\t\t\t<\/div>\n\t\t\t\t<div class=\"elementor-element elementor-element-40282fd elementor-widget elementor-widget-text-editor\" data-id=\"40282fd\" data-element_type=\"widget\" data-e-type=\"widget\" data-widget_type=\"text-editor.default\">\n\t\t\t\t\t\t\t\t\t<p>Aisha pet cat litter una cadena de suministro estable y fiable para sus productos de arena para gatos.<\/p>\t\t\t\t\t\t\t\t<\/div>\n\t\t\t\t\t<\/div>\n\t\t\t\t<\/div>\n\t\t<div class=\"elementor-element elementor-element-5de3094 e-con-full e-flex e-con e-parent\" data-id=\"5de3094\" data-element_type=\"container\" data-e-type=\"container\">\n\t\t\t\t<div class=\"elementor-element elementor-element-adb01b2 elementor-widget elementor-widget-heading\" data-id=\"adb01b2\" data-element_type=\"widget\" data-e-type=\"widget\" data-widget_type=\"heading.default\">\n\t\t\t\t\t<h2 class=\"elementor-heading-title elementor-size-default\">Arena para gatos al por mayor - Aisha Pet<\/h2>\t\t\t\t<\/div>\n\t\t\t\t<div class=\"elementor-element elementor-element-5d95ee1 elementor-widget elementor-widget-text-editor\" data-id=\"5d95ee1\" data-element_type=\"widget\" data-e-type=\"widget\" data-widget_type=\"text-editor.default\">\n\t\t\t\t\t\t\t\t\t<p>Como fabricante l\u00edder de lechos sanitarios para mascotas con m\u00e1s de 20 a\u00f1os de experiencia, nos comprometemos a proporcionar a las mascotas de todo el mundo la experiencia dom\u00e9stica m\u00e1s c\u00f3moda y saludable. Con m\u00faltiples l\u00edneas de producci\u00f3n l\u00edderes a nivel internacional, hemos logrado una gesti\u00f3n meticulosa desde la I+D hasta la producci\u00f3n, y nuestros productos se venden actualmente en m\u00e1s de 80 pa\u00edses y regiones de todo el mundo.<\/p><p>No s\u00f3lo ofrecemos una gama completa de lechos sanitarios de alto rendimiento para gatos (lechos sanitarios de bentonita, tofu, minerales y pino), sino tambi\u00e9n lechos de virutas de madera de alta calidad para mascotas peque\u00f1as. Aprovechando nuestra s\u00f3lida cadena de suministro y nuestro riguroso control de calidad, podemos ofrecer soluciones personalizadas estables y eficientes a nuestros clientes de todo el mundo.<\/p>\t\t\t\t\t\t\t\t<\/div>\n\t\t\t\t<\/div>\n\t\t<div class=\"elementor-element elementor-element-58cd461 e-con-full e-flex e-con e-parent\" data-id=\"58cd461\" data-element_type=\"container\" data-e-type=\"container\">\n\t\t<div class=\"elementor-element elementor-element-82dabda e-con-full e-flex e-con e-child\" data-id=\"82dabda\" data-element_type=\"container\" data-e-type=\"container\">\n\t\t\t\t<div class=\"elementor-element elementor-element-c91c0a7 elementor-position-top elementor-widget elementor-widget-image-box\" data-id=\"c91c0a7\" data-element_type=\"widget\" data-e-type=\"widget\" data-widget_type=\"image-box.default\">\n\t\t\t\t\t<div class=\"elementor-image-box-wrapper\"><figure class=\"elementor-image-box-img\"><a href=\"https:\/\/aisha-pet.com\/es\/producto\/bentonite-cat-litter\/\" tabindex=\"-1\"><img fetchpriority=\"high\" decoding=\"async\" width=\"800\" height=\"800\" src=\"https:\/\/aisha-pet.com\/wp-content\/uploads\/2026\/03\/Bentonite-cat-litter-1.png\" class=\"attachment-full size-full wp-image-195\" alt=\"Bentonite cat litter\" srcset=\"https:\/\/aisha-pet.com\/wp-content\/uploads\/2026\/03\/Bentonite-cat-litter-1.png 800w, https:\/\/aisha-pet.com\/wp-content\/uploads\/2026\/03\/Bentonite-cat-litter-1-300x300.png 300w, https:\/\/aisha-pet.com\/wp-content\/uploads\/2026\/03\/Bentonite-cat-litter-1-150x150.png 150w, https:\/\/aisha-pet.com\/wp-content\/uploads\/2026\/03\/Bentonite-cat-litter-1-768x768.png 768w, https:\/\/aisha-pet.com\/wp-content\/uploads\/2026\/03\/Bentonite-cat-litter-1-600x600.png 600w, https:\/\/aisha-pet.com\/wp-content\/uploads\/2026\/03\/Bentonite-cat-litter-1-100x100.png 100w\" sizes=\"(max-width: 800px) 100vw, 800px\" \/><\/a><\/figure><div class=\"elementor-image-box-content\"><h3 class=\"elementor-image-box-title\"><a href=\"https:\/\/aisha-pet.com\/es\/producto\/bentonite-cat-litter\/\">Arena de bentonita para gatos<\/a><\/h3><\/div><\/div>\t\t\t\t<\/div>\n\t\t\t\t<\/div>\n\t\t<div class=\"elementor-element elementor-element-e6863e8 e-con-full e-flex e-con e-child\" data-id=\"e6863e8\" data-element_type=\"container\" data-e-type=\"container\">\n\t\t\t\t<div class=\"elementor-element elementor-element-8d17927 elementor-position-top elementor-widget elementor-widget-image-box\" data-id=\"8d17927\" data-element_type=\"widget\" data-e-type=\"widget\" data-widget_type=\"image-box.default\">\n\t\t\t\t\t<div class=\"elementor-image-box-wrapper\"><figure class=\"elementor-image-box-img\"><a href=\"https:\/\/aisha-pet.com\/es\/producto\/tofu-cat-litter\/\" tabindex=\"-1\"><img decoding=\"async\" width=\"800\" height=\"800\" src=\"https:\/\/aisha-pet.com\/wp-content\/uploads\/2026\/03\/Tofu-cat-litter-1.png\" class=\"attachment-full size-full wp-image-200\" alt=\"Tofu cat litter\" srcset=\"https:\/\/aisha-pet.com\/wp-content\/uploads\/2026\/03\/Tofu-cat-litter-1.png 800w, https:\/\/aisha-pet.com\/wp-content\/uploads\/2026\/03\/Tofu-cat-litter-1-300x300.png 300w, https:\/\/aisha-pet.com\/wp-content\/uploads\/2026\/03\/Tofu-cat-litter-1-150x150.png 150w, https:\/\/aisha-pet.com\/wp-content\/uploads\/2026\/03\/Tofu-cat-litter-1-768x768.png 768w, https:\/\/aisha-pet.com\/wp-content\/uploads\/2026\/03\/Tofu-cat-litter-1-600x600.png 600w, https:\/\/aisha-pet.com\/wp-content\/uploads\/2026\/03\/Tofu-cat-litter-1-100x100.png 100w\" sizes=\"(max-width: 800px) 100vw, 800px\" \/><\/a><\/figure><div class=\"elementor-image-box-content\"><h3 class=\"elementor-image-box-title\"><a href=\"https:\/\/aisha-pet.com\/es\/producto\/tofu-cat-litter\/\">Arena de tofu para gatos<\/a><\/h3><\/div><\/div>\t\t\t\t<\/div>\n\t\t\t\t<\/div>\n\t\t<div class=\"elementor-element elementor-element-06735d4 e-con-full e-flex e-con e-child\" data-id=\"06735d4\" data-element_type=\"container\" data-e-type=\"container\">\n\t\t\t\t<div class=\"elementor-element elementor-element-4b1f204 elementor-position-top elementor-widget elementor-widget-image-box\" data-id=\"4b1f204\" data-element_type=\"widget\" data-e-type=\"widget\" data-widget_type=\"image-box.default\">\n\t\t\t\t\t<div class=\"elementor-image-box-wrapper\"><figure class=\"elementor-image-box-img\"><a href=\"https:\/\/aisha-pet.com\/es\/producto\/pine-cat-litter\/\" tabindex=\"-1\"><img decoding=\"async\" width=\"800\" height=\"800\" src=\"https:\/\/aisha-pet.com\/wp-content\/uploads\/2026\/03\/Pine-cat-litter-1.png\" class=\"attachment-full size-full wp-image-205\" alt=\"Pine cat litter\" srcset=\"https:\/\/aisha-pet.com\/wp-content\/uploads\/2026\/03\/Pine-cat-litter-1.png 800w, https:\/\/aisha-pet.com\/wp-content\/uploads\/2026\/03\/Pine-cat-litter-1-300x300.png 300w, https:\/\/aisha-pet.com\/wp-content\/uploads\/2026\/03\/Pine-cat-litter-1-150x150.png 150w, https:\/\/aisha-pet.com\/wp-content\/uploads\/2026\/03\/Pine-cat-litter-1-768x768.png 768w, https:\/\/aisha-pet.com\/wp-content\/uploads\/2026\/03\/Pine-cat-litter-1-600x600.png 600w, https:\/\/aisha-pet.com\/wp-content\/uploads\/2026\/03\/Pine-cat-litter-1-100x100.png 100w\" sizes=\"(max-width: 800px) 100vw, 800px\" \/><\/a><\/figure><div class=\"elementor-image-box-content\"><h3 class=\"elementor-image-box-title\"><a href=\"https:\/\/aisha-pet.com\/es\/producto\/pine-cat-litter\/\">Arena de pino para gatos<\/a><\/h3><\/div><\/div>\t\t\t\t<\/div>\n\t\t\t\t<\/div>\n\t\t<div class=\"elementor-element elementor-element-8f76571 e-con-full e-flex e-con e-child\" data-id=\"8f76571\" data-element_type=\"container\" data-e-type=\"container\">\n\t\t\t\t<div class=\"elementor-element elementor-element-0f1fe11 elementor-position-top elementor-widget elementor-widget-image-box\" data-id=\"0f1fe11\" data-element_type=\"widget\" data-e-type=\"widget\" data-widget_type=\"image-box.default\">\n\t\t\t\t\t<div class=\"elementor-image-box-wrapper\"><figure class=\"elementor-image-box-img\"><a href=\"https:\/\/aisha-pet.com\/es\/producto\/mineral-cat-litter\/\" tabindex=\"-1\"><img loading=\"lazy\" decoding=\"async\" width=\"800\" height=\"800\" src=\"https:\/\/aisha-pet.com\/wp-content\/uploads\/2026\/03\/Mineral-cat-litter-1.png\" class=\"attachment-full size-full wp-image-210\" alt=\"Mineral cat litter\" srcset=\"https:\/\/aisha-pet.com\/wp-content\/uploads\/2026\/03\/Mineral-cat-litter-1.png 800w, https:\/\/aisha-pet.com\/wp-content\/uploads\/2026\/03\/Mineral-cat-litter-1-300x300.png 300w, https:\/\/aisha-pet.com\/wp-content\/uploads\/2026\/03\/Mineral-cat-litter-1-150x150.png 150w, https:\/\/aisha-pet.com\/wp-content\/uploads\/2026\/03\/Mineral-cat-litter-1-768x768.png 768w, https:\/\/aisha-pet.com\/wp-content\/uploads\/2026\/03\/Mineral-cat-litter-1-600x600.png 600w, https:\/\/aisha-pet.com\/wp-content\/uploads\/2026\/03\/Mineral-cat-litter-1-100x100.png 100w\" sizes=\"(max-width: 800px) 100vw, 800px\" \/><\/a><\/figure><div class=\"elementor-image-box-content\"><h3 class=\"elementor-image-box-title\"><a href=\"https:\/\/aisha-pet.com\/es\/producto\/mineral-cat-litter\/\">Arena mineral para gatos<\/a><\/h3><\/div><\/div>\t\t\t\t<\/div>\n\t\t\t\t<\/div>\n\t\t\t\t<\/div>\n\t\t<div class=\"elementor-element elementor-element-cdce30f e-con-full e-flex e-con e-parent\" data-id=\"cdce30f\" data-element_type=\"container\" data-e-type=\"container\">\n\t\t<div class=\"elementor-element elementor-element-cf21da3 e-con-full e-flex e-con e-child\" data-id=\"cf21da3\" data-element_type=\"container\" data-e-type=\"container\">\n\t\t\t\t<\/div>\n\t\t<div class=\"elementor-element elementor-element-1a04004 e-con-full e-flex e-con e-child\" data-id=\"1a04004\" data-element_type=\"container\" data-e-type=\"container\">\n\t\t\t\t<div class=\"elementor-element elementor-element-78f10cd elementor-position-top elementor-widget elementor-widget-image-box\" data-id=\"78f10cd\" data-element_type=\"widget\" data-e-type=\"widget\" data-widget_type=\"image-box.default\">\n\t\t\t\t\t<div class=\"elementor-image-box-wrapper\"><figure class=\"elementor-image-box-img\"><a href=\"https:\/\/aisha-pet.com\/es\/producto\/small-pet-wood-shaving\/\" tabindex=\"-1\"><img loading=\"lazy\" decoding=\"async\" width=\"800\" height=\"800\" src=\"https:\/\/aisha-pet.com\/wp-content\/uploads\/2026\/03\/Small-pet-wood-Shaving-1.png\" class=\"attachment-full size-full wp-image-215\" alt=\"Small pet wood Shaving\" srcset=\"https:\/\/aisha-pet.com\/wp-content\/uploads\/2026\/03\/Small-pet-wood-Shaving-1.png 800w, https:\/\/aisha-pet.com\/wp-content\/uploads\/2026\/03\/Small-pet-wood-Shaving-1-300x300.png 300w, https:\/\/aisha-pet.com\/wp-content\/uploads\/2026\/03\/Small-pet-wood-Shaving-1-150x150.png 150w, https:\/\/aisha-pet.com\/wp-content\/uploads\/2026\/03\/Small-pet-wood-Shaving-1-768x768.png 768w, https:\/\/aisha-pet.com\/wp-content\/uploads\/2026\/03\/Small-pet-wood-Shaving-1-600x600.png 600w, https:\/\/aisha-pet.com\/wp-content\/uploads\/2026\/03\/Small-pet-wood-Shaving-1-100x100.png 100w\" sizes=\"(max-width: 800px) 100vw, 800px\" \/><\/a><\/figure><div class=\"elementor-image-box-content\"><h3 class=\"elementor-image-box-title\"><a href=\"https:\/\/aisha-pet.com\/es\/producto\/small-pet-wood-shaving\/\">Afeitado de madera para mascotas peque\u00f1as<\/a><\/h3><\/div><\/div>\t\t\t\t<\/div>\n\t\t\t\t<\/div>\n\t\t<div class=\"elementor-element elementor-element-e9e1e11 e-con-full e-flex e-con e-child\" data-id=\"e9e1e11\" data-element_type=\"container\" data-e-type=\"container\">\n\t\t\t\t<div class=\"elementor-element elementor-element-45ea3bd elementor-position-top elementor-widget elementor-widget-image-box\" data-id=\"45ea3bd\" data-element_type=\"widget\" data-e-type=\"widget\" data-widget_type=\"image-box.default\">\n\t\t\t\t\t<div class=\"elementor-image-box-wrapper\"><figure class=\"elementor-image-box-img\"><a href=\"https:\/\/aisha-pet.com\/es\/producto\/small-pet-aspen-shaving\/\" tabindex=\"-1\"><img loading=\"lazy\" decoding=\"async\" width=\"800\" height=\"800\" src=\"https:\/\/aisha-pet.com\/wp-content\/uploads\/2026\/03\/Small-pet-aspen-Shaving-1.png\" class=\"attachment-full size-full wp-image-220\" alt=\"Small pet aspen Shaving\" srcset=\"https:\/\/aisha-pet.com\/wp-content\/uploads\/2026\/03\/Small-pet-aspen-Shaving-1.png 800w, https:\/\/aisha-pet.com\/wp-content\/uploads\/2026\/03\/Small-pet-aspen-Shaving-1-300x300.png 300w, https:\/\/aisha-pet.com\/wp-content\/uploads\/2026\/03\/Small-pet-aspen-Shaving-1-150x150.png 150w, https:\/\/aisha-pet.com\/wp-content\/uploads\/2026\/03\/Small-pet-aspen-Shaving-1-768x768.png 768w, https:\/\/aisha-pet.com\/wp-content\/uploads\/2026\/03\/Small-pet-aspen-Shaving-1-600x600.png 600w, https:\/\/aisha-pet.com\/wp-content\/uploads\/2026\/03\/Small-pet-aspen-Shaving-1-100x100.png 100w\" sizes=\"(max-width: 800px) 100vw, 800px\" \/><\/a><\/figure><div class=\"elementor-image-box-content\"><h3 class=\"elementor-image-box-title\"><a href=\"https:\/\/aisha-pet.com\/es\/producto\/small-pet-aspen-shaving\/\">Peque\u00f1a mascota Aspen Shaving<\/a><\/h3><\/div><\/div>\t\t\t\t<\/div>\n\t\t\t\t<\/div>\n\t\t<div class=\"elementor-element elementor-element-1e3f9b8 e-con-full e-flex e-con e-child\" data-id=\"1e3f9b8\" data-element_type=\"container\" data-e-type=\"container\">\n\t\t\t\t<\/div>\n\t\t\t\t<\/div>\n\t\t\t\t<\/div>","protected":false},"excerpt":{"rendered":"<p>Products Aisha pet cat litter a stable and reliable supply chain for its cat litter products. Bulk Cat Litter Wholesale &#8211; Aisha Pet As a leading manufacturer of pet litter with over 20 years of experience, we are committed to providing the most comfortable and healthy home experience for pets worldwide. With multiple internationally leading [&hellip;]<\/p>\n","protected":false},"author":1,"featured_media":0,"parent":0,"menu_order":0,"comment_status":"closed","ping_status":"closed","template":"","meta":{"footnotes":""},"class_list":["post-29","page","type-page","status-publish","hentry"],"_links":{"self":[{"href":"https:\/\/aisha-pet.com\/es\/wp-json\/wp\/v2\/pages\/29","targetHints":{"allow":["GET"]}}],"collection":[{"href":"https:\/\/aisha-pet.com\/es\/wp-json\/wp\/v2\/pages"}],"about":[{"href":"https:\/\/aisha-pet.com\/es\/wp-json\/wp\/v2\/types\/page"}],"author":[{"embeddable":true,"href":"https:\/\/aisha-pet.com\/es\/wp-json\/wp\/v2\/users\/1"}],"replies":[{"embeddable":true,"href":"https:\/\/aisha-pet.com\/es\/wp-json\/wp\/v2\/comments?post=29"}],"version-history":[{"count":29,"href":"https:\/\/aisha-pet.com\/es\/wp-json\/wp\/v2\/pages\/29\/revisions"}],"predecessor-version":[{"id":426,"href":"https:\/\/aisha-pet.com\/es\/wp-json\/wp\/v2\/pages\/29\/revisions\/426"}],"wp:attachment":[{"href":"https:\/\/aisha-pet.com\/es\/wp-json\/wp\/v2\/media?parent=29"}],"curies":[{"name":"wp","href":"https:\/\/api.w.org\/{rel}","templated":true}]}}