{"id":209,"date":"2026-03-04T16:03:35","date_gmt":"2026-03-04T08:03:35","guid":{"rendered":"https:\/\/aisha-pet.com\/?post_type=product&#038;p=209"},"modified":"2026-03-17T14:12:46","modified_gmt":"2026-03-17T06:12:46","slug":"mineral-cat-litter","status":"publish","type":"product","link":"https:\/\/aisha-pet.com\/es\/producto\/mineral-cat-litter\/","title":{"rendered":"Arena mineral para gatos sin polvo"},"content":{"rendered":"","protected":false},"excerpt":{"rendered":"<p><strong>Agrupaci\u00f3n r\u00e1pida y en forma de platillo<\/strong><\/p>\n<p>Forma instant\u00e1neamente grumos planos en forma de platillo, evitando eficazmente las p\u00e9rdidas de orina y simplificando la limpieza de las superficies.<\/p>\n<p><strong>Terrones no fr\u00e1giles<\/strong><\/p>\n<p>La estructura densa y dura de los grumos resiste la rotura incluso con el pisoteo repetido o el vaciado de la arena por parte de los gatos.<\/p>\n<p><strong>Mezcla mineral 5 en 1<\/strong><\/p>\n<p>Mezcla cinco ingredientes minerales funcionales para una multifuncionalidad, potenciando de forma integral la absorbencia y el rendimiento f\u00edsico.<\/p>\n<p><strong>Potente absorci\u00f3n de olores<\/strong><\/p>\n<p>Utiliza los microporos naturales de los minerales para atrapar activamente las mol\u00e9culas de olor, proporcionando una desodorizaci\u00f3n f\u00edsica altamente eficaz y un aire m\u00e1s fresco.<\/p>","protected":false},"featured_media":210,"comment_status":"open","ping_status":"closed","template":"","meta":[],"product_brand":[],"product_cat":[66],"product_tag":[],"class_list":{"0":"post-209","1":"product","2":"type-product","3":"status-publish","4":"has-post-thumbnail","6":"product_cat-aisha-products","8":"first","9":"instock","10":"shipping-taxable","11":"product-type-simple"},"_links":{"self":[{"href":"https:\/\/aisha-pet.com\/es\/wp-json\/wp\/v2\/product\/209","targetHints":{"allow":["GET"]}}],"collection":[{"href":"https:\/\/aisha-pet.com\/es\/wp-json\/wp\/v2\/product"}],"about":[{"href":"https:\/\/aisha-pet.com\/es\/wp-json\/wp\/v2\/types\/product"}],"replies":[{"embeddable":true,"href":"https:\/\/aisha-pet.com\/es\/wp-json\/wp\/v2\/comments?post=209"}],"wp:featuredmedia":[{"embeddable":true,"href":"https:\/\/aisha-pet.com\/es\/wp-json\/wp\/v2\/media\/210"}],"wp:attachment":[{"href":"https:\/\/aisha-pet.com\/es\/wp-json\/wp\/v2\/media?parent=209"}],"wp:term":[{"taxonomy":"product_brand","embeddable":true,"href":"https:\/\/aisha-pet.com\/es\/wp-json\/wp\/v2\/product_brand?post=209"},{"taxonomy":"product_cat","embeddable":true,"href":"https:\/\/aisha-pet.com\/es\/wp-json\/wp\/v2\/product_cat?post=209"},{"taxonomy":"product_tag","embeddable":true,"href":"https:\/\/aisha-pet.com\/es\/wp-json\/wp\/v2\/product_tag?post=209"}],"curies":[{"name":"wp","href":"https:\/\/api.w.org\/{rel}","templated":true}]}}