{"id":209,"date":"2026-03-04T16:03:35","date_gmt":"2026-03-04T08:03:35","guid":{"rendered":"https:\/\/aisha-pet.com\/?post_type=product&#038;p=209"},"modified":"2026-03-17T14:12:46","modified_gmt":"2026-03-17T06:12:46","slug":"mineral-cat-litter","status":"publish","type":"product","link":"https:\/\/aisha-pet.com\/fr\/produit\/mineral-cat-litter\/","title":{"rendered":"Liti\u00e8re min\u00e9rale sans poussi\u00e8re"},"content":{"rendered":"","protected":false},"excerpt":{"rendered":"<p><strong>Agglutination rapide et en forme de soucoupe<\/strong><\/p>\n<p>Forme instantan\u00e9ment des agglom\u00e9rats plats en forme de soucoupe, emp\u00eachant efficacement les fuites d'urine et simplifiant le nettoyage des surfaces.<\/p>\n<p><strong>Amas non fragiles<\/strong><\/p>\n<p>La structure dense et dure des mottes r\u00e9siste \u00e0 la rupture, m\u00eame en cas de pi\u00e9tinement r\u00e9p\u00e9t\u00e9 ou de ramassage de la liti\u00e8re par les chats.<\/p>\n<p><strong>M\u00e9lange min\u00e9ral 5 en 1<\/strong><\/p>\n<p>M\u00e9lange de cinq ingr\u00e9dients min\u00e9raux fonctionnels pour une multifonctionnalit\u00e9, augmentant de mani\u00e8re globale la capacit\u00e9 d'absorption et la performance physique.<\/p>\n<p><strong>Absorption puissante des odeurs<\/strong><\/p>\n<p>Utilise les micropores naturels des min\u00e9raux pour pi\u00e9ger activement les mol\u00e9cules odorantes, offrant ainsi une d\u00e9sodorisation physique tr\u00e8s efficace et un air plus frais.<\/p>","protected":false},"featured_media":210,"comment_status":"open","ping_status":"closed","template":"","meta":[],"product_brand":[],"product_cat":[66],"product_tag":[],"class_list":{"0":"post-209","1":"product","2":"type-product","3":"status-publish","4":"has-post-thumbnail","6":"product_cat-aisha-products","8":"first","9":"instock","10":"shipping-taxable","11":"product-type-simple"},"_links":{"self":[{"href":"https:\/\/aisha-pet.com\/fr\/wp-json\/wp\/v2\/product\/209","targetHints":{"allow":["GET"]}}],"collection":[{"href":"https:\/\/aisha-pet.com\/fr\/wp-json\/wp\/v2\/product"}],"about":[{"href":"https:\/\/aisha-pet.com\/fr\/wp-json\/wp\/v2\/types\/product"}],"replies":[{"embeddable":true,"href":"https:\/\/aisha-pet.com\/fr\/wp-json\/wp\/v2\/comments?post=209"}],"wp:featuredmedia":[{"embeddable":true,"href":"https:\/\/aisha-pet.com\/fr\/wp-json\/wp\/v2\/media\/210"}],"wp:attachment":[{"href":"https:\/\/aisha-pet.com\/fr\/wp-json\/wp\/v2\/media?parent=209"}],"wp:term":[{"taxonomy":"product_brand","embeddable":true,"href":"https:\/\/aisha-pet.com\/fr\/wp-json\/wp\/v2\/product_brand?post=209"},{"taxonomy":"product_cat","embeddable":true,"href":"https:\/\/aisha-pet.com\/fr\/wp-json\/wp\/v2\/product_cat?post=209"},{"taxonomy":"product_tag","embeddable":true,"href":"https:\/\/aisha-pet.com\/fr\/wp-json\/wp\/v2\/product_tag?post=209"}],"curies":[{"name":"wp","href":"https:\/\/api.w.org\/{rel}","templated":true}]}}