{"id":219,"date":"2026-03-04T16:24:39","date_gmt":"2026-03-04T08:24:39","guid":{"rendered":"https:\/\/aisha-pet.com\/?post_type=product&#038;p=219"},"modified":"2026-03-17T18:02:01","modified_gmt":"2026-03-17T10:02:01","slug":"small-pet-aspen-shavings","status":"publish","type":"product","link":"https:\/\/aisha-pet.com\/fr\/produit\/small-pet-aspen-shavings\/","title":{"rendered":"Ripe de tremble pour petits animaux"},"content":{"rendered":"","protected":false},"excerpt":{"rendered":"<p><strong>Doux et moelleux<\/strong><\/p>\n<p>Texture duveteuse et douce, au toucher agr\u00e9able, offrant \u00e0 votre animal de compagnie une exp\u00e9rience relaxante et douillette.<\/p>\n<p><strong>Faible teneur en poussi\u00e8res<\/strong><\/p>\n<p>Notre processus de d\u00e9poussi\u00e9rage en plusieurs \u00e9tapes r\u00e9duit consid\u00e9rablement l'irritation due \u00e0 la poussi\u00e8re, prot\u00e9geant ainsi la sant\u00e9 respiratoire de votre animal.<\/p>\n<p><strong>Respirant et sec<\/strong><\/p>\n<p>L'excellente respirabilit\u00e9 permet d'\u00e9vacuer rapidement l'humidit\u00e9, ce qui inhibe efficacement la croissance bact\u00e9rienne et l'accumulation d'odeurs.<\/p>\n<p><strong>Forte plasticit\u00e9<\/strong><\/p>\n<p>Un support solide et un creusement facile permettent aux animaux domestiques de creuser et de construire des nids, ce qui est id\u00e9al pour un am\u00e9nagement paysager cr\u00e9atif.<\/p>","protected":false},"featured_media":220,"comment_status":"open","ping_status":"closed","template":"","meta":[],"product_brand":[],"product_cat":[66],"product_tag":[],"class_list":{"0":"post-219","1":"product","2":"type-product","3":"status-publish","4":"has-post-thumbnail","6":"product_cat-aisha-products","8":"first","9":"instock","10":"shipping-taxable","11":"product-type-simple"},"_links":{"self":[{"href":"https:\/\/aisha-pet.com\/fr\/wp-json\/wp\/v2\/product\/219","targetHints":{"allow":["GET"]}}],"collection":[{"href":"https:\/\/aisha-pet.com\/fr\/wp-json\/wp\/v2\/product"}],"about":[{"href":"https:\/\/aisha-pet.com\/fr\/wp-json\/wp\/v2\/types\/product"}],"replies":[{"embeddable":true,"href":"https:\/\/aisha-pet.com\/fr\/wp-json\/wp\/v2\/comments?post=219"}],"wp:featuredmedia":[{"embeddable":true,"href":"https:\/\/aisha-pet.com\/fr\/wp-json\/wp\/v2\/media\/220"}],"wp:attachment":[{"href":"https:\/\/aisha-pet.com\/fr\/wp-json\/wp\/v2\/media?parent=219"}],"wp:term":[{"taxonomy":"product_brand","embeddable":true,"href":"https:\/\/aisha-pet.com\/fr\/wp-json\/wp\/v2\/product_brand?post=219"},{"taxonomy":"product_cat","embeddable":true,"href":"https:\/\/aisha-pet.com\/fr\/wp-json\/wp\/v2\/product_cat?post=219"},{"taxonomy":"product_tag","embeddable":true,"href":"https:\/\/aisha-pet.com\/fr\/wp-json\/wp\/v2\/product_tag?post=219"}],"curies":[{"name":"wp","href":"https:\/\/api.w.org\/{rel}","templated":true}]}}